{"id":291,"date":"2023-08-10T14:14:17","date_gmt":"2023-08-10T14:14:17","guid":{"rendered":"http:\/\/dentaktifglobal.com\/?page_id=291"},"modified":"2026-02-16T18:40:06","modified_gmt":"2026-02-16T18:40:06","slug":"contact","status":"publish","type":"page","link":"https:\/\/dentaktifglobal.com\/de\/kontakt\/","title":{"rendered":"Kontakt"},"content":{"rendered":"<p><strong>Adresse: <\/strong>Cevatpa\u015fa Mahallesi Eski Edirne Asfalt\u0131 Caddesi No:407\/409 A-1 34045 Bayrampa\u015fa \u0130stanbul T\u00fcrkiye<\/p>\n\n\n\n<p><strong>Telefon:<\/strong> <a href=\"tel:+90 552 161 73 77\">+90 552 161 73 77<\/a><\/p>\n\n\n\n<p><strong>Email:<\/strong> <a href=\"\/de\/info@dentaktifglobal.com\/\"><\/a><a href=\"mailto:info@dentaktif.com\">info@dentaktif.com<\/a><\/p>\n\n\n\n<p><\/p>\n\n\n\n<iframe src=\"https:\/\/www.google.com\/maps\/embed?pb=!1m14!1m8!1m3!1d6015.555730774005!2d28.885589!3d41.073848000000005!3m2!1i1024!2i768!4f13.1!3m3!1m2!1s0x14cab1430e9572dd%3A0xcbe845ce3de60d2f!2zRGVudGFrdGnMh2YgQcSfaXogVmUgRGnMh8WfIFNhxJ9sacSfaSBQb2xpzIdrbGnMh25pzIfEn2nMhyB8IEJheXJhbXBhxZ9hIERpxZ8!5e0!3m2!1sen!2str!4v1763583497860!5m2!1sen!2str\" width=\"100%\" height=\"450\" style=\"border:0;\" allowfullscreen=\"\" loading=\"lazy\" referrerpolicy=\"no-referrer-when-downgrade\"><\/iframe>","protected":false},"excerpt":{"rendered":"<p>Address: Cevatpa\u015fa Mahallesi Eski Edirne Asfalt\u0131 Caddesi No:407\/409 A-1 34045 Bayrampa\u015fa \u0130stanbul T\u00fcrkiye Phone: +90 552 161 73 77 E-Mail: info@dentaktif.com<\/p>","protected":false},"author":1,"featured_media":0,"parent":0,"menu_order":0,"comment_status":"closed","ping_status":"closed","template":"","meta":{"footnotes":""},"_links":{"self":[{"href":"https:\/\/dentaktifglobal.com\/de\/wp-json\/wp\/v2\/pages\/291"}],"collection":[{"href":"https:\/\/dentaktifglobal.com\/de\/wp-json\/wp\/v2\/pages"}],"about":[{"href":"https:\/\/dentaktifglobal.com\/de\/wp-json\/wp\/v2\/types\/page"}],"author":[{"embeddable":true,"href":"https:\/\/dentaktifglobal.com\/de\/wp-json\/wp\/v2\/users\/1"}],"replies":[{"embeddable":true,"href":"https:\/\/dentaktifglobal.com\/de\/wp-json\/wp\/v2\/comments?post=291"}],"version-history":[{"count":19,"href":"https:\/\/dentaktifglobal.com\/de\/wp-json\/wp\/v2\/pages\/291\/revisions"}],"predecessor-version":[{"id":1136,"href":"https:\/\/dentaktifglobal.com\/de\/wp-json\/wp\/v2\/pages\/291\/revisions\/1136"}],"wp:attachment":[{"href":"https:\/\/dentaktifglobal.com\/de\/wp-json\/wp\/v2\/media?parent=291"}],"curies":[{"name":"wp","href":"https:\/\/api.w.org\/{rel}","templated":true}]}}